{"id":86,"date":"2017-04-20T14:01:25","date_gmt":"2017-04-20T14:01:25","guid":{"rendered":"https:\/\/assodivergence.wordpress.com\/?page_id=86"},"modified":"2017-04-20T14:01:25","modified_gmt":"2017-04-20T14:01:25","slug":"francais","status":"publish","type":"page","link":"https:\/\/divergencelab.org\/index.php\/coloquio\/2017-2\/francais\/","title":{"rendered":"Appel \u00e0 contribution pour la journ\u00e9e d\u2019\u00e9tude: \u201cPenser l\u2019\u00c9quateur depuis l\u2019\u00e9tranger, penser le monde depuis l\u2019\u00c9quateur \u00bb"},"content":{"rendered":"<p>L\u2019association Divergence en collaboration avec des \u00e9tudiants chercheurs\u00a0\u00a0de l\u2019\u00c9cole des Hautes \u00c9tudes en Sciences Sociales de Paris (EHESS), de l\u2019universit\u00e9 Paris 1 Panth\u00e9on-Sorbonne, de l&#8217;Institut International d\u2019\u00e9tudes sociales de La Haye (ISS)\u00a0\u00a0et de l&#8217;Universit\u00e9 Humboldt de Berlin\u00a0\u00a0vous invitent \u00e0 participer dans la journ\u00e9e d&#8217;\u00e9tude \u201cPenser l\u2019\u00c9quateur depuis l\u2019\u00e9tranger, penser le monde depuis l\u2019\u00c9quateur \u00bb qui se d\u00e9roulera\u00a0\u00a0le 29 juin 2017 \u00e0 l&#8217;EHESS, 54 bd Raspail,<\/p>\n<p><strong>Justification et objectifs:<\/strong><\/p>\n<p>D\u00e8s leurs origines, les sciences humaines et sociales en \u00c9quateur ont \u00e9t\u00e9 influenc\u00e9es et enrichies par la circulation internationale des \u00e9tudiants et des professeurs. Cette circulation s\u2019est intensifi\u00e9e pendant les deux derni\u00e8res d\u00e9cennies en raison du processus d\u2019internationalisation de l\u2019\u00e9ducation sup\u00e9rieure \u00e0 l\u2019\u00e9chelle globale, la cr\u00e9ation de diff\u00e9rents programmes de bourses d\u2019\u00e9tudes nationaux et internationaux et le d\u00e9veloppement des r\u00e9seaux de communication et du transport. Les effets de ce processus sur le d\u00e9veloppement pr\u00e9sent et futur des sciences sociales dans ce pays d\u2019Am\u00e9rique latine seront, sans aucun, doute tr\u00e8s importants.<\/p>\n<p>Malheureusement, les efforts pour cr\u00e9er des liens entre les \u00e9tudiants et les chercheurs \u00e9quatoriens en sciences humaines et sociales qui d\u00e9veloppent leurs activit\u00e9s \u00e0 l\u2019\u00e9tranger restent rares. Cette n\u00e9gligence a emp\u00each\u00e9 le dialogue et la cr\u00e9ation d\u2019alliances scientifiques sur certaines lignes de recherche communes. De fait, dispers\u00e9s dans diff\u00e9rentes universit\u00e9s autour du monde, des sociologues, anthropologues, \u00e9conomistes, historiens, philosophes, psychologues et d\u2019autres travaillent sur des sujets semblables, voire compl\u00e9mentaires sans connaitre leurs pairs.<\/p>\n<p>L\u2019objectif de cette journ\u00e9e d\u2019\u00e9tude est de cr\u00e9er un premier espace d\u2019\u00e9change et de dialogue entre les chercheurs \u00e9quatoriens travaillant \u00e0 l\u2019\u00e9tranger et les chercheurs \u00e9trangers travaillant sur l\u2019\u00c9quateur afin de rendre leurs recherches publiques, de trouver des points de convergence et de divergence, et de contribuer ainsi \u00e0 la cr\u00e9ation d\u2019un d\u00e9bat scientifique ouvert et \u00e0 long terme.<\/p>\n<p>Nous invitons aux \u00e9tudiants et jeunes chercheurs \u00e0 envoyer leurs propositions de communication autour de trois axes th\u00e9matiques\u00a0:<\/p>\n<p>1\u00b0 Recherches focalis\u00e9es sur des sujets ou des terrains en \u00c9quateur<\/p>\n<p>2\u00b0 Recherches globales ou comparatives (Equateur et le monde)<\/p>\n<p>3\u00b0 Recherches r\u00e9alis\u00e9es par des \u00e9quatoriens sur des sujets ou des terrains autres que l\u2019\u00c9quateur (dans le monde)<\/p>\n<p>\u00c9tant donn\u00e9e la diversit\u00e9 des recherches dont nous supposons l\u2019existence, cette organisation en trois axes cherche \u00e0 accueillir le plus grand nombre de propositions. N\u00e9anmoins, \u00e9tant donn\u00e9 les limitations logistiques, les communications seront s\u00e9lectionn\u00e9es en fonction de leur qualit\u00e9 et leur pertinence via un processus de s\u00e9lection par r\u00e9vision de pairs.<\/p>\n<p><strong>Calendrier<\/strong><\/p>\n<p>Les \u00e9tudiants et jeunes chercheurs souhaitant participer \u00e0 cet \u00e9v\u00e9nement devront faire parvenir leurs propositions avant le 15 mai 2017 par courrier \u00e9lectronique\u00a0\u00e0 : coloquio-ecu@gmx.com<\/p>\n<p>Les propositions de communication comporteront les \u00e9l\u00e9ments suivants\u00a0:<\/p>\n<p>Auteur, affiliation institutionnelle, discipline, axe th\u00e9matique, titre, mots-cl\u00e9s (3-5), r\u00e9sum\u00e9 (environ 500 mots) et son courrier \u00e9lectronique.<\/p>\n<p>Les r\u00e9sultats de la s\u00e9lection seront communiqu\u00e9s par courrier \u00e9lectronique au plus tard le 30 mai 2017.<\/p>\n<p>Les candidats s\u00e9lectionn\u00e9s devront faire une pr\u00e9sentation d\u2019environ 20 min, suivies de 10 minutes de questions et discussion.<\/p>\n<p><strong>Comit\u00e9 d\u2019organisation : <\/strong><\/p>\n<p>Jacqueline Gaybor (International Institute of Social Studies (ISS), Erasmus University Rotterdam)<\/p>\n<p>Sofia Espinosa (Universit\u00e9 Paris 1 Panth\u00e9on-Sorbonne)<\/p>\n<p>Michelle Ruiz (Humboldt-Universit\u00e4t zu Berlin)<\/p>\n<p>Jos\u00e9 EGAS ( EHESS)<\/p>\n<p>Henry CHAVEZ (EHESS)<\/p>\n","protected":false},"excerpt":{"rendered":"<p>L\u2019association Divergence en collaboration avec des \u00e9tudiants chercheurs\u00a0\u00a0de l\u2019\u00c9cole des Hautes \u00c9tudes en Sciences Sociales de Paris (EHESS), de l\u2019universit\u00e9 Paris 1 Panth\u00e9on-Sorbonne, de l&#8217;Institut International d\u2019\u00e9tudes sociales de La Haye (ISS)\u00a0\u00a0et de l&#8217;Universit\u00e9 Humboldt de Berlin\u00a0\u00a0vous invitent \u00e0 participer dans la journ\u00e9e d&#8217;\u00e9tude \u201cPenser l\u2019\u00c9quateur depuis l\u2019\u00e9tranger, penser le monde depuis l\u2019\u00c9quateur \u00bb qui&hellip;<\/p>\n","protected":false},"author":2,"featured_media":39,"parent":324,"menu_order":0,"comment_status":"closed","ping_status":"closed","template":"","meta":{"footnotes":""},"class_list":["post-86","page","type-page","status-publish","has-post-thumbnail","hentry"],"_links":{"self":[{"href":"https:\/\/divergencelab.org\/index.php\/wp-json\/wp\/v2\/pages\/86","targetHints":{"allow":["GET"]}}],"collection":[{"href":"https:\/\/divergencelab.org\/index.php\/wp-json\/wp\/v2\/pages"}],"about":[{"href":"https:\/\/divergencelab.org\/index.php\/wp-json\/wp\/v2\/types\/page"}],"author":[{"embeddable":true,"href":"https:\/\/divergencelab.org\/index.php\/wp-json\/wp\/v2\/users\/2"}],"replies":[{"embeddable":true,"href":"https:\/\/divergencelab.org\/index.php\/wp-json\/wp\/v2\/comments?post=86"}],"version-history":[{"count":0,"href":"https:\/\/divergencelab.org\/index.php\/wp-json\/wp\/v2\/pages\/86\/revisions"}],"up":[{"embeddable":true,"href":"https:\/\/divergencelab.org\/index.php\/wp-json\/wp\/v2\/pages\/324"}],"wp:featuredmedia":[{"embeddable":true,"href":"https:\/\/divergencelab.org\/index.php\/wp-json\/wp\/v2\/media\/39"}],"wp:attachment":[{"href":"https:\/\/divergencelab.org\/index.php\/wp-json\/wp\/v2\/media?parent=86"}],"curies":[{"name":"wp","href":"https:\/\/api.w.org\/{rel}","templated":true}]}}