{"id":615,"date":"2019-04-09T02:22:22","date_gmt":"2019-04-09T02:22:22","guid":{"rendered":"http:\/\/divergencelab.org\/?page_id=615"},"modified":"2019-04-09T02:22:22","modified_gmt":"2019-04-09T02:22:22","slug":"session-5","status":"publish","type":"page","link":"https:\/\/divergencelab.org\/index.php\/session-5\/","title":{"rendered":"Session 5"},"content":{"rendered":"\n<h1 class=\"wp-block-heading\"><strong>Circulations scientifiques et gestion de l&#8217;environnent en Amazonie et en Arctique<\/strong><\/h1>\n\n\n\n<p>Pour la cinqui\u00e8me s\u00e9ance de l\u2019Atelier doctoral \u201c<em><strong>D\u00e9centrement culturel et circulation des savoirs : exp\u00e9riences p\u00e9riph\u00e9riques<\/strong><\/em>\u201c, nous discuterons les pr\u00e9sentations de <strong>Nathalia Capellini <\/strong>  et de  <strong>Sophie Duveau <\/strong><\/p>\n\n\n\n<p>Date: 14 mars 2019 entre 15h \u2013 17h<\/p>\n\n\n\n<p>Adresse: EHESS, 54 bd Raspail 75006 Paris (salle A06_51)<\/p>\n\n\n\n<p><strong>Savoirs et pratiques sur la gestion environnementale dans la construction de barrages \u00e0 l&#8217;Amazonie Br\u00e9silienne : quelles circulations globales&nbsp;?&nbsp;<\/strong><\/p>\n\n\n\n<p><em>Par <\/em> <em>Nathalia Capellini (Centre d\u2019Histoire Culturelle des Soci\u00e9t\u00e9s Contemporaines de l\u2019Universit\u00e9 de Versailles SQY \u2013 Paris Saclay) .<\/em><\/p>\n\n\n\n<p>Le vingti\u00e8me\nsi\u00e8cle a connu une croissance exponentielle de la construction de grands\nbarrages et leur prolif\u00e9ration dans le monde entier. Pendant ce temps, les\nbarrages sont devenus plus hauts, les r\u00e9servoirs plus grands et les travaux\nn\u00e9cessaires pour compl\u00e9ter ces infrastructures ont impliqu\u00e9s de interventions\nde plus en plus radicales sur les paysages et l&#8217;hydrologie.\n\nCette expansion n&#8217;a pas \u00e9t\u00e9\nun processus sans controverse. Au fur et \u00e0 mesure que les barrages se\nd\u00e9ployaient, en nombre et dans l\u2019espace, le r\u00e9cit d&#8217;un progr\u00e8s sans fin (et\ninoffensif) pour tous devenait de plus en plus contest\u00e9. Avec des r\u00e9sultats\ntr\u00e8s mitig\u00e9s, l\u2019industrie des barrages a progressivement int\u00e9gr\u00e9e les critiques\net a adopt\u00e9 un vaste ensemble de directives, pratiques et r\u00e9glementations \u00e0 son\nactivit\u00e9.&nbsp; Comment et par quels moyens la contestation est\ntrait\u00e9e par le secteur des grands barrages&nbsp;? Quelles circulations des savoirs, pratiques et r\u00e9glementation sont \u00e0\nl\u2019\u0153uvre? Quels sont les acteurs de ce d\u00e9bat et o\u00f9 se situent-ils&nbsp;? En\neffet ce processus a impliqu\u00e9 un large nombre d\u2019acteurs, individuels ou\ninstitutionnels, issus de diff\u00e9rents secteurs de la soci\u00e9t\u00e9. Cette pr\u00e9sentation\na comme but d\u2019\u00e9clairer cette dynamique, pour enrichir la narrative sur la\ngouvernance globale de l\u2019environnement.\n\n\n\n<\/p>\n\n\n\n<p><strong>Les scientifiques et les autres lors d&#8217;une exp\u00e9dition polaire: une hi\u00e9rarchie des savoirs ?<\/strong> <strong> <\/strong><\/p>\n\n\n\n<p><em>Par <\/em> <em>Sophie Duveau (<\/em> <em>Centre Alexandre Koyr\u00e9 &#8211; CNRS\/EHESS\/MNHN)<\/em><\/p>\n\n\n\n<p>Prolongeant le grand partage entre modernit\u00e9 et tradition, nous et les autres, la figure actuelle du scientifique exclut une quantit\u00e9 de pratiques et de discours, en particulier les savoirs que portent sur eux-m\u00eames les acteurs. Savoirs \u00e9miques, traditionnels, profanes, populaires, locaux ou encore autochtones : les termes pour les qualifier abondent et entrent en contradiction avec l\u2019id\u00e9ologie de la science. Quel statut d\u00e9cidons-nous de donner aux savoirs qui se d\u00e9veloppent en marge de nos institutions ; en dehors des fronti\u00e8res acad\u00e9miques ? Devons-nous les disqualifier parce qu\u2019ils pr\u00e9sentent un aspect utilitaire, les ignorer parce qu\u2019ils sont particuliers ou produits par des \u00ab non sp\u00e9cialistes \u00bb ? \u00c0 partir de nos propres travaux, nous nous proposons d\u2019ouvrir une r\u00e9flexion conceptuelle sur la science ainsi que sur les enjeux m\u00e9thodologiques d&#8217;une histoire sociale des sciences \u00e0 parts \u00e9gales. Nous tenterons de r\u00e9habiliter la diversit\u00e9 des cultures \u00e9pist\u00e9miques en montrant comment \u00e9ventuellement se nourrissent les savoirs d\u2019acteurs aux diff\u00e9rents statuts lors d\u2019une exp\u00e9dition polaire. Il s\u2019agira en somme d\u2019\u00e9tendre l\u2019approche du relativisme culturel, ainsi que sa m\u00e9thode du d\u00e9centrement, \u00e0 l\u2019objet que constitue l\u2019<em>epist\u00eam\u00ea<\/em>. <\/p>\n\n\n\n<p><a href=\"https:\/\/enseignements-2018.ehess.fr\/2018\/ue\/2420\/\">More info<\/a><\/p>\n","protected":false},"excerpt":{"rendered":"<p>Circulations scientifiques et gestion de l&#8217;environnent en Amazonie et en Arctique Pour la cinqui\u00e8me s\u00e9ance de l\u2019Atelier doctoral \u201cD\u00e9centrement culturel et circulation des savoirs : exp\u00e9riences p\u00e9riph\u00e9riques\u201c, nous discuterons les pr\u00e9sentations de Nathalia Capellini et de Sophie Duveau Date: 14 mars 2019 entre 15h \u2013 17h Adresse: EHESS, 54 bd Raspail 75006 Paris (salle A06_51)&hellip;<\/p>\n","protected":false},"author":1,"featured_media":0,"parent":0,"menu_order":0,"comment_status":"closed","ping_status":"closed","template":"","meta":{"footnotes":""},"class_list":["post-615","page","type-page","status-publish","hentry"],"_links":{"self":[{"href":"https:\/\/divergencelab.org\/index.php\/wp-json\/wp\/v2\/pages\/615","targetHints":{"allow":["GET"]}}],"collection":[{"href":"https:\/\/divergencelab.org\/index.php\/wp-json\/wp\/v2\/pages"}],"about":[{"href":"https:\/\/divergencelab.org\/index.php\/wp-json\/wp\/v2\/types\/page"}],"author":[{"embeddable":true,"href":"https:\/\/divergencelab.org\/index.php\/wp-json\/wp\/v2\/users\/1"}],"replies":[{"embeddable":true,"href":"https:\/\/divergencelab.org\/index.php\/wp-json\/wp\/v2\/comments?post=615"}],"version-history":[{"count":1,"href":"https:\/\/divergencelab.org\/index.php\/wp-json\/wp\/v2\/pages\/615\/revisions"}],"predecessor-version":[{"id":616,"href":"https:\/\/divergencelab.org\/index.php\/wp-json\/wp\/v2\/pages\/615\/revisions\/616"}],"wp:attachment":[{"href":"https:\/\/divergencelab.org\/index.php\/wp-json\/wp\/v2\/media?parent=615"}],"curies":[{"name":"wp","href":"https:\/\/api.w.org\/{rel}","templated":true}]}}