{"id":531,"date":"2019-02-07T10:08:39","date_gmt":"2019-02-07T10:08:39","guid":{"rendered":"https:\/\/assodivergence.wordpress.com\/?page_id=531"},"modified":"2019-02-07T10:08:39","modified_gmt":"2019-02-07T10:08:39","slug":"session-1","status":"publish","type":"page","link":"https:\/\/divergencelab.org\/index.php\/session-1\/","title":{"rendered":"Session 1"},"content":{"rendered":"<h1><b>D\u00e9centrer l\u2019histoire de la bact\u00e9riologie<\/b><\/h1>\n<p>Pour la premi\u00e8re s\u00e9ance de cette ann\u00e9e de l\u2019Atelier doctoral \u201c<em><strong>D\u00e9centrement culturel et circulation des savoirs : exp\u00e9riences p\u00e9riph\u00e9riques<\/strong><\/em>\u201c, nous ferons une introduction g\u00e9n\u00e9rale \u00e0 l\u2019atelier et nous discuterons ensuite la pr\u00e9sentation de Shiori NOSAKA (Japon)<b> <\/b><\/p>\n<p>Date: 15 novembre entre 15h \u2013 17h<\/p>\n<p>Adresse: EHESS, 54 bd Raspail 75006 Paris (salle A06_51)<\/p>\n<p><strong><b>D\u00e9centrer l\u2019histoire de la bact\u00e9riologie autour des controverses de la tuberculine au Japon<\/b><\/strong><\/p>\n<p><em>Par Shiori NOSAKA (Cermes3)<br \/>\n<\/em><\/p>\n<p>Si la notion de d\u00e9centrement nous a permis, en histoire des sciences et de la m\u00e9decine, de mettre en cause le rapport entre les centres et les p\u00e9riph\u00e9riques, elle a fait \u00e9merger dans l\u2019historiographie japonaise une tentative de d\u00e9passer la vision de la modernisation r\u00e9alis\u00e9e par l\u2019introduction du savoir occidental et a fait valoriser le savoir local et son hybridation avec les autres. Compte tenu de ce courant, ma th\u00e8se, portant sur l\u2019histoire de la bact\u00e9riologie au Japon, essaie de faire confronter la notion de d\u00e9centrement \u00e0 l\u2019analyse d\u2019une techno-science dont l\u2019origine est significativement marqu\u00e9e par l\u2019Europe. Pour ce faire, ma th\u00e8se suppose que les controverses autour de cette science m\u00e9dicale n\u2019ont jamais cess\u00e9 en Europe m\u00eame ni ailleurs, afin de montrer comment les controverses, les tensions, la m\u00e9fiance et l\u2019espoir port\u00e9s sur cette science se conjuguent \u00e0 d\u2019autres contextes, et comment leur trajectoire se forme selon les techniques mobilis\u00e9es et les rapports de force des acteurs concern\u00e9s. Dans cette intervention \u00e0 l\u2019atelier sur le d\u00e9centrement, je vais pr\u00e9senter une histoire de la tuberculine, m\u00e9dicament contre la tuberculose invent\u00e9 en Allemagne en 1890, c\u2019est-\u00e0-dire au moment de la formation de la bact\u00e9riologie, mais qui s\u2019est r\u00e9v\u00e9l\u00e9 d\u2019embl\u00e9e dangereux. Nous examinerons comment l\u2019ensemble de controverses a \u00e9t\u00e9 probl\u00e9matis\u00e9 et discut\u00e9 au Japon, mais \u00e9galement comment ces \u00e9v\u00e8nements ont permis la production et la commercialisation du m\u00e9dicament en question.<\/p>\n<p><a href=\"https:\/\/enseignements-2018.ehess.fr\/2018\/ue\/2420\/\">More info<\/a><\/p>\n<p>&nbsp;<\/p>\n","protected":false},"excerpt":{"rendered":"<p>D\u00e9centrer l\u2019histoire de la bact\u00e9riologie Pour la premi\u00e8re s\u00e9ance de cette ann\u00e9e de l\u2019Atelier doctoral \u201cD\u00e9centrement culturel et circulation des savoirs : exp\u00e9riences p\u00e9riph\u00e9riques\u201c, nous ferons une introduction g\u00e9n\u00e9rale \u00e0 l\u2019atelier et nous discuterons ensuite la pr\u00e9sentation de Shiori NOSAKA (Japon) Date: 15 novembre entre 15h \u2013 17h Adresse: EHESS, 54 bd Raspail 75006 Paris&hellip;<\/p>\n","protected":false},"author":2,"featured_media":0,"parent":0,"menu_order":0,"comment_status":"closed","ping_status":"closed","template":"","meta":{"footnotes":""},"class_list":["post-531","page","type-page","status-publish","hentry"],"_links":{"self":[{"href":"https:\/\/divergencelab.org\/index.php\/wp-json\/wp\/v2\/pages\/531","targetHints":{"allow":["GET"]}}],"collection":[{"href":"https:\/\/divergencelab.org\/index.php\/wp-json\/wp\/v2\/pages"}],"about":[{"href":"https:\/\/divergencelab.org\/index.php\/wp-json\/wp\/v2\/types\/page"}],"author":[{"embeddable":true,"href":"https:\/\/divergencelab.org\/index.php\/wp-json\/wp\/v2\/users\/2"}],"replies":[{"embeddable":true,"href":"https:\/\/divergencelab.org\/index.php\/wp-json\/wp\/v2\/comments?post=531"}],"version-history":[{"count":0,"href":"https:\/\/divergencelab.org\/index.php\/wp-json\/wp\/v2\/pages\/531\/revisions"}],"wp:attachment":[{"href":"https:\/\/divergencelab.org\/index.php\/wp-json\/wp\/v2\/media?parent=531"}],"curies":[{"name":"wp","href":"https:\/\/api.w.org\/{rel}","templated":true}]}}