{"id":349,"date":"2018-02-06T03:54:36","date_gmt":"2018-02-06T03:54:36","guid":{"rendered":"https:\/\/assodivergence.wordpress.com\/?page_id=349"},"modified":"2018-02-06T03:54:36","modified_gmt":"2018-02-06T03:54:36","slug":"convocatoria-call-for-proporsals","status":"publish","type":"page","link":"https:\/\/divergencelab.org\/index.php\/coloquio\/2018-3\/convocatoria-call-for-proporsals\/","title":{"rendered":"Pensar el Ecuador desde el mundo, pensar el mundo desde el Ecuador. 2da Edici\u00f3n \/ Thinking about Ecuador from abroad, thinking about the world from Ecuador. 2nd Edition"},"content":{"rendered":"<h2><strong>Convocatoria a presentar propuestas<\/strong><\/h2>\n<h3><strong>Berl\u00edn, 27 y 28 de abril de 2018<\/strong><\/h3>\n<p>La asociaci\u00f3n\u00a0<em>Divergence<\/em>\u00a0en conjunto con estudiantes e investigadora\/es de la universidad Humboldt, de la universidad Libre de Berl\u00edn, de la universidad Ludwig-Maximilian de Munich, del International Institute of Social Studies (ISS) de la Universidad Erasmus de Roterdam, de la \u00c9cole des Hautes \u00c9tudes en Sciences Sociales de Paris (EHESS) y de la universidad Par\u00eds 1 Panth\u00e9on-Sorbonne,\u00a0 invitan a estudiantes e investigadora\/os ecuatoriana\/os en ciencias humanas y sociales que se encuentran en el extranjero, y tambi\u00e9n a investigadores extranjeros que se interesan en el Ecuador a participar en el Segundo Coloquio \u201cPensar el Ecuador desde el exterior, pensar el Mundo desde el Ecuador\u201d que se realizar\u00e1 el 27 y 28 de abril de 2018 en el Instituto de Estudios Latinoamericanos de Berl\u00edn.<\/p>\n<h4><strong>Justificaci\u00f3n y objetivos:<\/strong><\/h4>\n<p>En Junio 2017, se llev\u00f3 a cabo en l&#8217;EHESS de Paris el Primer Coloquio: &#8220;Pensar el Ecuador desde el exterior, pensar el Mundo desde el Ecuador\u201d, cuyo objetivo era abrir un espacio de intercambio y di\u00e1logo entre estudiantes e investigadores ecuatorianos en el exterior que permita socializar sus investigaciones, encontrar puntos de convergencias y divergencia y generar un debate acad\u00e9mico abierto y de largo plazo.<\/p>\n<p>Los resultados positivos y las sinergias generadas a partir de esta primera experiencia evidenciaron la necesidad de dar continuidad a este proceso. Como ya hab\u00edamos se\u00f1alado en la convocatoria pasada y se corrobor\u00f3 en dicho encuentro, uno de los principales problemas que enfrentamos los estudiantes e investigadores en el extranjero es la falta de canales de comunicaci\u00f3n e intercambio que permitan la generaci\u00f3n de sinergias y debates al rededor de temas o investigaciones comunes o similares. Nuestro objetivo con esta segunda convocatoria es, por lo tanto, mantener abierto este espacio de di\u00e1logo.<\/p>\n<p>Por esta raz\u00f3n, y siguiendo las mismas l\u00edneas de trabajo de la primera convocatoria, invitamos a todo\/as la\/os estudiantes e investigadora\/os ecuatoriana\/os de ciencias humanas y sociales que se encuentran en el extranjero, y tambi\u00e9n a investigadores extranjeros que se interesan en el Ecuador, a enviar sus propuestas de presentaci\u00f3n para la realizaci\u00f3n de tres mesas de trabajo:<\/p>\n<p>1\u00b0 Investigaciones enfocadas en el Ecuador<\/p>\n<p>2\u00b0 Investigaciones comparativas o globales<\/p>\n<p>3\u00b0 Investigaciones sobre problem\u00e1ticas no ecuatorianas.<\/p>\n<p>Esta organizaci\u00f3n busca dar espacio a todas las propuestas. Sin embargo, dado las limitaciones de tiempo y en funci\u00f3n de la cantidad de postulaciones se realizar\u00e1 un proceso de selecci\u00f3n basado en revisi\u00f3n de pares.<\/p>\n<h4><strong>Modalidad de postulaci\u00f3n<\/strong><\/h4>\n<p>Enviar un resumen de m\u00e1ximo 500 palabras, con el t\u00edtulo de la presentaci\u00f3n, la mesa en que desea participar, \u00e1reas o disciplinas de estudios (econom\u00eda, sociolog\u00eda, historia, antropolog\u00eda u otras) y de 3 a 5 palabras clave.<\/p>\n<p>El resumen debe estar acompa\u00f1ado del nombre del(os\/as) autor(es\/as), su centro de estudios o investigaci\u00f3n y su correo electr\u00f3nico<\/p>\n<p>La propuestas deben ser enviadas antes del 15 de marzo de 2018 al correo electr\u00f3nico:\u00a0<span class=\"yiv4999712024Text yiv4999712024mailFieldToShorten\">coloquio-ecu@gmx.com<\/span><\/p>\n<p>Las propuestas seleccionadas ser\u00e1n anunciadas el 30 de marzo de 2018.<\/p>\n<p>Las presentaciones el d\u00eda del evento tendr\u00e1n una duraci\u00f3n m\u00e1xima 20 minutos y ser\u00e1n seguidas de 10 minutos de preguntas y discusi\u00f3n.<\/p>\n<p>Las presentaciones pueden ser en Espa\u00f1ol o Ingl\u00e9s<\/p>\n<p>&nbsp;<\/p>\n<h4><strong>Comit\u00e9 organizador<\/strong><\/h4>\n<p>Bel\u00e9n DIAZ (Freie Universit\u00e4t Berlin, Alemania)<\/p>\n<p>Michelle RUIZ (Humboldt-Universit\u00e4t zu Berlin, Alemania)<\/p>\n<p>Sarah ESPINOSA (Ludwig Maximilian Universit\u00e4t M\u00fcnchen, Alemania)<\/p>\n<p>Jacqueline GAYBOR (ISS, Holanda)<\/p>\n<p>Sof\u00eda ESPINOSA (Par\u00eds 1 Panth\u00e9on-Sorbonne, Francia)<\/p>\n<p>Jos\u00e9 EGAS (EHESS, Francia)<\/p>\n<p>Henry CHAVEZ (EHESS, Francia)<\/p>\n<p>________<\/p>\n<h2 class=\"yiv7889071590ydp6af88c46MsoNormal\" align=\"center\"><b><span lang=\"EN-US\">CALL FOR PROPOSALS<\/span><\/b><\/h2>\n<h3 class=\"yiv7889071590ydp6af88c46MsoNormal\" align=\"center\"><span lang=\"EN-US\">27th and 28th April 2018<\/span><\/h3>\n<h3 class=\"yiv7889071590ydp6af88c46MsoNormal\" align=\"center\"><span lang=\"EN-US\">Berlin, Germany<\/span><\/h3>\n<p>Divergence Association, together with students and researchers from the Humboldt-Universit\u00e4t zu Berlin, the Freie Universit\u00e4t Berlin, the Ludwig Maximilian Universit\u00e4t M\u00fcnchen, the International Institute of Social Studies of Erasmus University Rotterdam (ISS), the \u00c9cole des Hautes \u00c9tudes en Sciences Sociales (EHESS) and the Pantheon-Sorbonne University, Paris 1, invite you to participate in the 2nd Edition of the Colloquium \u201cThinking about Ecuador from abroad, thinking about the world from Ecuador\u201d to be held on 27 and 28 April 2018 at the Institute for Latin American Studies in Berlin.<\/p>\n<h4 class=\"yiv7889071590ydp6af88c46MsoNormal\"><strong><span lang=\"EN-US\">Justification and objectives<\/span><\/strong><\/h4>\n<p>In June 2017, the 1st Colloquium \u201cThinking about Ecuador from abroad, thinking about the world from Ecuador\u201d was held at the EHESS in Paris. The objective of this initiative was to open a space for exchange and dialogue between Ecuadorian students and researchers living abroad to allow the socialization of their work, find points of convergence and divergence and generate an open and long-term academic debate.<\/p>\n<p>The positive results and the synergies generated from this first experience confirmed the need to continue this process. As we have already pointed out in the previous call for proposals, one of the main problems the Ecuadorian researchers face abroad is the lack of communication and exchange channels to allow creating synergies and debates around common or similar topics. Our aim with this second call is, therefore, to keep open and continue enriching this space of dialogue.<\/p>\n<p>For this reason, and following the same lines of the first call, we invite all Ecuadorian students and researchers in the human and social sciences abroad, as well as foreign researchers interested in Ecuador, to send their proposals. The thematic working groups are:<\/p>\n<p>1\u00b0 Research focused on Ecuador.<\/p>\n<p>2\u00b0 Comparative or global research.<\/p>\n<p>3\u00b0 Research from Ecuadorians, on non-Ecuador-related issues.<\/p>\n<p>Our team will try to make room for all proposals. However, given the time constraints and depending on the number of applications, a selection procedure will be carried out based on a peer review process.<\/p>\n<h4 class=\"yiv7889071590ydp6af88c46MsoNormal\"><strong><span lang=\"EN-US\">Procedure<\/span><\/strong><\/h4>\n<p>Submission should include: Author\u2019s name and surname, institution and email address, abstract text (no more than 500 words), title of the presentation, the group in which you want to participate, areas or disciplines of study (economy, sociology, history, anthropology or other), and 3 to 5 keywords.<\/p>\n<p>Proposals should be submitted via e-mail to the organizing committee: <a href=\"mailto:coloquio-ecu@gmx.com\">coloquio-ecu@gmx.com<\/a> by March 15, 2018.<\/p>\n<p>The selected proposals will be announced on March 30th, 2018.<\/p>\n<p>The presentations on the day of the event will have a maximum duration of 20 minutes and will be followed by 10 minutes of questions and discussion.<br \/>\nProposals and presentations could be in Spanish or English<\/p>\n<p>&nbsp;<\/p>\n<div><\/div>\n<h4 class=\"yiv7889071590ydp6af88c46MsoNormal\"><b><span lang=\"EN-US\">Organizing Committee<\/span><\/b><\/h4>\n<p>Bel\u00e9n DIAZ (Freie Universit\u00e4t Berlin, Alemania)<\/p>\n<p>Michelle RUIZ (Humboldt-Universit\u00e4t zu Berlin, Alemania)<\/p>\n<p>Sarah ESPINOSA (Ludwig Maximilian Universit\u00e4t M\u00fcnchen, Alemania)<\/p>\n<p>Jacqueline GAYBOR (ISS, Holanda)<\/p>\n<p>Sof\u00eda ESPINOSA (Par\u00eds 1 Panth\u00e9on-Sorbonne, Francia)<\/p>\n<p>Jos\u00e9 EGAS (EHESS, Francia)<\/p>\n<p>Henry CHAVEZ (EHESS, Francia)<\/p>\n<p>&nbsp;<\/p>\n<p>&nbsp;<\/p>\n","protected":false},"excerpt":{"rendered":"<p>Convocatoria a presentar propuestas Berl\u00edn, 27 y 28 de abril de 2018 La asociaci\u00f3n\u00a0Divergence\u00a0en conjunto con estudiantes e investigadora\/es de la universidad Humboldt, de la universidad Libre de Berl\u00edn, de la universidad Ludwig-Maximilian de Munich, del International Institute of Social Studies (ISS) de la Universidad Erasmus de Roterdam, de la \u00c9cole des Hautes \u00c9tudes en&hellip;<\/p>\n","protected":false},"author":2,"featured_media":0,"parent":330,"menu_order":0,"comment_status":"closed","ping_status":"closed","template":"","meta":{"footnotes":""},"class_list":["post-349","page","type-page","status-publish","hentry"],"_links":{"self":[{"href":"https:\/\/divergencelab.org\/index.php\/wp-json\/wp\/v2\/pages\/349","targetHints":{"allow":["GET"]}}],"collection":[{"href":"https:\/\/divergencelab.org\/index.php\/wp-json\/wp\/v2\/pages"}],"about":[{"href":"https:\/\/divergencelab.org\/index.php\/wp-json\/wp\/v2\/types\/page"}],"author":[{"embeddable":true,"href":"https:\/\/divergencelab.org\/index.php\/wp-json\/wp\/v2\/users\/2"}],"replies":[{"embeddable":true,"href":"https:\/\/divergencelab.org\/index.php\/wp-json\/wp\/v2\/comments?post=349"}],"version-history":[{"count":0,"href":"https:\/\/divergencelab.org\/index.php\/wp-json\/wp\/v2\/pages\/349\/revisions"}],"up":[{"embeddable":true,"href":"https:\/\/divergencelab.org\/index.php\/wp-json\/wp\/v2\/pages\/330"}],"wp:attachment":[{"href":"https:\/\/divergencelab.org\/index.php\/wp-json\/wp\/v2\/media?parent=349"}],"curies":[{"name":"wp","href":"https:\/\/api.w.org\/{rel}","templated":true}]}}