{"id":207,"date":"2017-06-08T15:03:22","date_gmt":"2017-06-08T15:03:22","guid":{"rendered":"https:\/\/assodivergence.wordpress.com\/?page_id=207"},"modified":"2017-06-08T15:03:22","modified_gmt":"2017-06-08T15:03:22","slug":"convocatoria-esp","status":"publish","type":"page","link":"https:\/\/divergencelab.org\/index.php\/coloquio\/2017-2\/convocatoria-esp\/","title":{"rendered":"Pensar el Ecuador desde el mundo, pensar el mundo desde el Ecuador : invitaci\u00f3n a propuestas para coloquio"},"content":{"rendered":"<p>La asociaci\u00f3n <em>Divergence<\/em> en conjunto con estudiantes e investigadora\/es de la \u00c9cole des Hautes \u00c9tudes en Sciences Sociales de Paris (EHESS), de la universidad Par\u00eds 1 Panth\u00e9on-Sorbonne, del <span lang=\"ES-EC\"> Instituto Internacional de Estudios Sociales <\/span>de la Haya (ISS) y de la universidad Humboldt de Berl\u00edn\u00a0 invitan a participar en el coloquio \u201cPensar el Ecuador desde el exterior, pensar el Mundo desde el Ecuador\u201d que se realizar\u00e1 el 29 de junio de 2017 en la EHESS de Par\u00eds.<\/p>\n<p><strong>Justificaci\u00f3n y objetivos:<\/strong><\/p>\n<p>Desde sus inicios, las ciencias humanas y sociales en el Ecuador han sido influenciadas y enriquecidas por la circulaci\u00f3n internacional de estudiantes y profesora\/es. Esta circulaci\u00f3n se ha intensificado en las dos \u00faltimas d\u00e9cadas gracias al proceso de internacionalizaci\u00f3n de la educaci\u00f3n superior a nivel global, la creaci\u00f3n de diferentes programas de becas nacionales e internacionales y el desarrollo de las comunicaciones y el transporte. Los efectos de este proceso en el desarrollo actual y futuro de estas ciencias en el pa\u00eds ser\u00e1n sin duda muy importantes.<\/p>\n<p>Lamentablemente, hasta el d\u00eda de hoy poco o ning\u00fan esfuerzo se ha hecho por crear v\u00ednculos entre estudiantes e investigadore\/as ecuatoriana\/os en ciencias humanas y sociales que desarrollan sus actividades en o sobre el exterior. Esto ha impedido que se creen debates y sinergias sobre ciertas l\u00edneas de investigaci\u00f3n com\u00fan. Dispersos en diferentes universidades alrededor del mundo, soci\u00f3loga\/os, antrop\u00f3loga\/os, economistas, historiadora\/es, fil\u00f3sofa\/os, psic\u00f3loga\/os y otros cientistas sociales, trabajan sobre temas comunes sin saberlo.<\/p>\n<p>El objetivo de este coloquio, organizado de manera independiente y auto-gestionada, es crear un primer espacio de intercambio y di\u00e1logo que nos permita socializar nuestras investigaciones, encontrar puntos de convergencias y divergencia y contribuir as\u00ed a la creaci\u00f3n de un debate acad\u00e9mico abierto y de largo plazo.<\/p>\n<p>Invitamos a todo\/as la\/os estudiantes e investigadora\/os ecuatoriana\/os de ciencias humanas y sociales en el extranjero a enviar sus propuestas de presentaci\u00f3n para la realizaci\u00f3n de tres mesas de trabajo:<\/p>\n<p>1\u00b0 Investigaciones enfocadas en el Ecuador<\/p>\n<p>2\u00b0 Investigaciones comparativas o globales<\/p>\n<p>3\u00b0 Investigaciones sobre problem\u00e1ticas no ecuatorianas.<\/p>\n<p>Dada la diversidad de investigaciones que suponemos existe, esta organizaci\u00f3n en tres mesas busca dar espacio a todas las propuestas. Sin embargo, dado las limitaciones de tiempo y en funci\u00f3n de la cantidad de postulaciones se realizar\u00e1 un proceso de selecci\u00f3n basado en revisi\u00f3n de pares.<\/p>\n<p><strong>Modalidad de postulaci\u00f3n<\/strong><\/p>\n<p>Enviar un resumen de m\u00e1ximo 500 palabras, con el t\u00edtulo de la presentaci\u00f3n, la mesa en que desea participar, \u00e1reas o disciplinas de estudios (econom\u00eda, sociolog\u00eda, historia, antropolog\u00eda u otras) y de 3 a 5 palabras clave.<\/p>\n<p>El resumen debe estar acompa\u00f1ado del nombre del autor u autora, su centro de estudios o investigaci\u00f3n y su correo electr\u00f3nico<\/p>\n<p>La propuestas deben ser enviadas antes del 15 de mayo de 2017 al correo electr\u00f3nico: <span class=\"Text mailFieldToShorten\">coloquio-ecu@gmx.com<\/span><\/p>\n<p>Las propuestas seleccionadas ser\u00e1n anunciadas el 30 de mayo de 2017.<\/p>\n<p>Las presentaciones el d\u00eda del evento tendr\u00e1n una duraci\u00f3n m\u00e1xima 20 minutos y ser\u00e1n seguidas de 10 minutos de preguntas y discusi\u00f3n.<\/p>\n<p><strong>Comit\u00e9 organizador<\/strong><\/p>\n<p>Jacqueline GAYBOR (ISS, Holanda)<\/p>\n<p>Sof\u00eda ESPINOSA (Par\u00eds 1 Panth\u00e9on-Sorbonne, Francia)<\/p>\n<p>Michelle RUIZ (Humboldt-Universit\u00e4t zu Berlin, Alemania)<\/p>\n<p>Jos\u00e9 EGAS ( EHESS, Francia)<\/p>\n<p>Henry CHAVEZ (EHESS, Francia)<\/p>\n<p>&nbsp;<\/p>\n","protected":false},"excerpt":{"rendered":"<p>La asociaci\u00f3n Divergence en conjunto con estudiantes e investigadora\/es de la \u00c9cole des Hautes \u00c9tudes en Sciences Sociales de Paris (EHESS), de la universidad Par\u00eds 1 Panth\u00e9on-Sorbonne, del Instituto Internacional de Estudios Sociales de la Haya (ISS) y de la universidad Humboldt de Berl\u00edn\u00a0 invitan a participar en el coloquio \u201cPensar el Ecuador desde el&hellip;<\/p>\n","protected":false},"author":2,"featured_media":39,"parent":324,"menu_order":0,"comment_status":"closed","ping_status":"closed","template":"","meta":{"footnotes":""},"class_list":["post-207","page","type-page","status-publish","has-post-thumbnail","hentry"],"_links":{"self":[{"href":"https:\/\/divergencelab.org\/index.php\/wp-json\/wp\/v2\/pages\/207","targetHints":{"allow":["GET"]}}],"collection":[{"href":"https:\/\/divergencelab.org\/index.php\/wp-json\/wp\/v2\/pages"}],"about":[{"href":"https:\/\/divergencelab.org\/index.php\/wp-json\/wp\/v2\/types\/page"}],"author":[{"embeddable":true,"href":"https:\/\/divergencelab.org\/index.php\/wp-json\/wp\/v2\/users\/2"}],"replies":[{"embeddable":true,"href":"https:\/\/divergencelab.org\/index.php\/wp-json\/wp\/v2\/comments?post=207"}],"version-history":[{"count":0,"href":"https:\/\/divergencelab.org\/index.php\/wp-json\/wp\/v2\/pages\/207\/revisions"}],"up":[{"embeddable":true,"href":"https:\/\/divergencelab.org\/index.php\/wp-json\/wp\/v2\/pages\/324"}],"wp:featuredmedia":[{"embeddable":true,"href":"https:\/\/divergencelab.org\/index.php\/wp-json\/wp\/v2\/media\/39"}],"wp:attachment":[{"href":"https:\/\/divergencelab.org\/index.php\/wp-json\/wp\/v2\/media?parent=207"}],"curies":[{"name":"wp","href":"https:\/\/api.w.org\/{rel}","templated":true}]}}