{"id":192,"date":"2017-06-08T14:40:54","date_gmt":"2017-06-08T14:40:54","guid":{"rendered":"https:\/\/assodivergence.wordpress.com\/?page_id=192"},"modified":"2017-06-08T14:40:54","modified_gmt":"2017-06-08T14:40:54","slug":"programa-del-coloquio","status":"publish","type":"page","link":"https:\/\/divergencelab.org\/index.php\/coloquio\/2017-2\/programa-del-coloquio\/","title":{"rendered":"Programa del coloquio"},"content":{"rendered":"<h2 style=\"text-align:center;\"><strong>&#8220;Pensar el Ecuador desde el mundo, pensar el mundo desde el Ecuador&#8221;<\/strong><\/h2>\n<h3 style=\"text-align:center;\">29 de junio 2017<\/h3>\n<h3 style=\"text-align:center;\"><strong><a href=\"https:\/\/www.google.fr\/maps\/place\/54+Boulevard+Raspail,+75006+Paris\/@48.850142,2.324794,17z\/data=!3m1!4b1!4m5!3m4!1s0x47e671d3dfa6f11f:0x83c9b4cb9f893568!8m2!3d48.850142!4d2.3269827\">EHESS &#8211; 54 bd Raspail 75006 Paris<\/a><br \/>\n<\/strong><\/h3>\n<h3 style=\"text-align:center;\"><strong>Salle AS1_08 (1er sous-sol)<\/strong><\/h3>\n<p><strong>9:00 &#8211; Introducci\u00f3n: Estudiantes e investigadores ecuatorianos en el mundo<\/strong><\/p>\n<p style=\"padding-left:60px;\">Henry Ch\u00e1vez (EHESS)<\/p>\n<p style=\"padding-left:60px;\"><strong>Mesa 1: Circulaci\u00f3n y redes de conocimiento entre el Ecuador y el Mundo<\/strong><\/p>\n<p><strong>9:20 &#8211;\u00a0 El proyecto de Escuela de Agricultura en Ecuador a lo largo del siglo XIX: una perspectiva diacr\u00f3nica<\/strong><\/p>\n<p style=\"padding-left:60px;\">Alexis Medina (Universit\u00e9 Paris Nanterre)<\/p>\n<p><strong>9:50 &#8211; Desarrollar una red de cient\u00edficos: un desaf\u00edo desde las ciencias exactas<\/strong><\/p>\n<p style=\"padding-left:60px;\">Diego Chamorro (Laboratoire de Math\u00e9matiques et Mod\u00e9lisation d&#8217;Evry-LaMME)<\/p>\n<p><strong>10:20\u00a0 &#8211; Sociedad de Conocimiento para Todos: una lectura cr\u00edtica de las visiones de <\/strong><strong>los Estados alem\u00e1n y ecuatoriano<\/strong><\/p>\n<p style=\"padding-left:60px;\">Michelle Ruiz (Humboldt-Universit\u00e4t zu Berlin \/ Jawaharlal Nehru University)<\/p>\n<p><strong>10:50 &#8211; Pausa<\/strong><\/p>\n<p style=\"text-align:center;\"><strong>Mesa 2: Din\u00e1micas art\u00edsticas y culturales en el Ecuador<\/strong><\/p>\n<p><strong>11:00 &#8211; Desplaz\u00e1ndonos por el sonido de sus memorias: Una Instalaci\u00f3n de Arte de <\/strong><strong>Historia Oral de los bailes Afroecuatorianos de Bomba y Marimba <\/strong><\/p>\n<p style=\"padding-left:60px;\">Mar\u00eda Gabriela L\u00f3pez (University of London )<\/p>\n<p><strong>11:30 &#8211; Des corps trans dans les danses populaires andines<\/strong><\/p>\n<p style=\"padding-left:60px;\">Nela Venegas (Universit\u00e9 Paris 8)<\/p>\n<p><strong>12:30 &#8211; Paroles et m\u00e9moire kayambi: Dynamique des mutations d\u2019une communaut\u00e9 <\/strong><strong>andine<\/strong><\/p>\n<p style=\"padding-left:60px;\">Ana Gendron (Universit\u00e9 Paris 3 Sorbonne Nouvelle &#8211; CREDA)<\/p>\n<p><strong>13:00 &#8211; Almuerzo<\/strong><\/p>\n<p style=\"text-align:center;\"><strong>Mesa 3: Problem\u00e1ticas socio-pol\u00edticas y ambientales en el Ecuador<\/strong><\/p>\n<p><strong>15:00 &#8211; Integraci\u00f3n pol\u00edtica: Gobernanza del uso de agua superficial en el Ecuador <\/strong><strong>Estudio de caso<\/strong><\/p>\n<p style=\"padding-left:60px;\">Wendy Cevallos (Wageningen University)<\/p>\n<p><strong>15:30 &#8211; El rol de la naturaleza &#8211; Conflictos socio-ambientales en el caso del Parque <\/strong><strong>Nacional Yasun\u00ed en Ecuador<\/strong><\/p>\n<p style=\"padding-left:60px;\">Evelyn Rosenberg (Universidad Libre de Berl\u00edn)<\/p>\n<p><strong>16:00 &#8211; Pausa<\/strong><\/p>\n<p style=\"text-align:center;\"><strong>Mesa 4: Problem\u00e1ticas globales vistas desde el Ecuador<\/strong><\/p>\n<p><strong>16:15 &#8211; Assessing the accession of Ecuador to the Multiparty Andean- EU Trade <\/strong><strong>Agreement<\/strong><\/p>\n<p style=\"padding-left:60px;\">Pamela Torres y Juan Jos\u00e9 Abad (Universit\u00e9 Paris 3 Sorbonne Nouvelle, IHEAL)<\/p>\n<p><strong>16.45 &#8211; Be Concious Be Kitchen<\/strong><\/p>\n<p style=\"padding-left:60px;\">Estefania G\u00f3mez (ISS Universidad Erasmus de Rotterdam. )<\/p>\n<p><strong> 17:15 &#8211; Pensando otro sur. El movimiento adivasi en India, entre casta y Estado<\/strong><\/p>\n<p style=\"padding-left:60px;\">Jos\u00e9 Egas (EHESS)<\/p>\n<p><strong>17:45 &#8211; Conclusiones y clausura<\/strong><\/p>\n","protected":false},"excerpt":{"rendered":"<p>&#8220;Pensar el Ecuador desde el mundo, pensar el mundo desde el Ecuador&#8221; 29 de junio 2017 EHESS &#8211; 54 bd Raspail 75006 Paris Salle AS1_08 (1er sous-sol) 9:00 &#8211; Introducci\u00f3n: Estudiantes e investigadores ecuatorianos en el mundo Henry Ch\u00e1vez (EHESS) Mesa 1: Circulaci\u00f3n y redes de conocimiento entre el Ecuador y el Mundo 9:20 &#8211;\u00a0&hellip;<\/p>\n","protected":false},"author":2,"featured_media":0,"parent":324,"menu_order":0,"comment_status":"closed","ping_status":"closed","template":"","meta":{"footnotes":""},"class_list":["post-192","page","type-page","status-publish","hentry"],"_links":{"self":[{"href":"https:\/\/divergencelab.org\/index.php\/wp-json\/wp\/v2\/pages\/192","targetHints":{"allow":["GET"]}}],"collection":[{"href":"https:\/\/divergencelab.org\/index.php\/wp-json\/wp\/v2\/pages"}],"about":[{"href":"https:\/\/divergencelab.org\/index.php\/wp-json\/wp\/v2\/types\/page"}],"author":[{"embeddable":true,"href":"https:\/\/divergencelab.org\/index.php\/wp-json\/wp\/v2\/users\/2"}],"replies":[{"embeddable":true,"href":"https:\/\/divergencelab.org\/index.php\/wp-json\/wp\/v2\/comments?post=192"}],"version-history":[{"count":0,"href":"https:\/\/divergencelab.org\/index.php\/wp-json\/wp\/v2\/pages\/192\/revisions"}],"up":[{"embeddable":true,"href":"https:\/\/divergencelab.org\/index.php\/wp-json\/wp\/v2\/pages\/324"}],"wp:attachment":[{"href":"https:\/\/divergencelab.org\/index.php\/wp-json\/wp\/v2\/media?parent=192"}],"curies":[{"name":"wp","href":"https:\/\/api.w.org\/{rel}","templated":true}]}}